{"id":543,"date":"2026-04-20T08:44:19","date_gmt":"2026-04-20T06:44:19","guid":{"rendered":"https:\/\/www.esanit.fr\/?page_id=543"},"modified":"2026-04-21T08:30:16","modified_gmt":"2026-04-21T06:30:16","slug":"nos-realisations-v2","status":"publish","type":"page","link":"https:\/\/www.esanit.fr\/index.php\/nos-realisations-v2\/","title":{"rendered":"Nos r\u00e9alisations"},"content":{"rendered":"\t\t<div data-elementor-type=\"wp-page\" data-elementor-id=\"543\" class=\"elementor elementor-543\">\n\t\t\t\t<div class=\"elementor-element elementor-element-93cb69b e-flex e-con-boxed e-con e-parent\" data-id=\"93cb69b\" data-element_type=\"container\" data-settings=\"{&quot;background_background&quot;:&quot;classic&quot;}\">\n\t\t\t\t\t<div class=\"e-con-inner\">\n\t\t\t\t<div class=\"elementor-element elementor-element-995040b elementor-widget elementor-widget-ekit-nav-menu\" data-id=\"995040b\" data-element_type=\"widget\" data-widget_type=\"ekit-nav-menu.default\">\n\t\t\t\t<div class=\"elementor-widget-container\">\n\t\t\t\t\t\t\t<nav class=\"ekit-wid-con ekit_menu_responsive_tablet\"\n\t\t\tdata-hamburger-icon=\"icon icon-menu-circle\"\n\t\t\tdata-hamburger-icon-type=\"icon\"\n\t\t\tdata-responsive-breakpoint=\"1024\">\n\t\t\t            <button class=\"elementskit-menu-hamburger elementskit-menu-toggler\"  type=\"button\" aria-label=\"hamburger-icon\">\n                <i aria-hidden=\"true\" class=\"ekit-menu-icon icon icon-menu-circle\"><\/i>            <\/button>\n            <div id=\"ekit-megamenu-menu-principal\" class=\"elementskit-menu-container elementskit-menu-offcanvas-elements elementskit-navbar-nav-default ekit-nav-menu-one-page-no ekit-nav-dropdown-hover\"><ul id=\"menu-menu-principal\" class=\"elementskit-navbar-nav elementskit-menu-po-left submenu-click-on-icon\"><li id=\"menu-item-475\" class=\"menu-item menu-item-type-post_type menu-item-object-page menu-item-home menu-item-475 nav-item elementskit-mobile-builder-content\" data-vertical-menu=750px><a href=\"https:\/\/www.esanit.fr\/\" class=\"ekit-menu-nav-link\">Accueil<\/a><\/li>\n<li id=\"menu-item-481\" class=\"menu-item menu-item-type-post_type menu-item-object-page menu-item-481 nav-item elementskit-mobile-builder-content\" data-vertical-menu=750px><a href=\"https:\/\/www.esanit.fr\/index.php\/carriere\/\" class=\"ekit-menu-nav-link\">Carri\u00e8re<\/a><\/li>\n<li id=\"menu-item-615\" class=\"menu-item menu-item-type-post_type menu-item-object-page menu-item-615 nav-item elementskit-mobile-builder-content\" data-vertical-menu=750px><a href=\"https:\/\/www.esanit.fr\/index.php\/nos-realisations-v2\/\" class=\"ekit-menu-nav-link\">Nos r\u00e9alisations<\/a><\/li>\n<li id=\"menu-item-498\" class=\"menu-item menu-item-type-post_type menu-item-object-page menu-item-498 nav-item elementskit-mobile-builder-content\" data-vertical-menu=750px><a href=\"https:\/\/www.esanit.fr\/index.php\/elementor-page-454\/\" class=\"ekit-menu-nav-link\">Contact<\/a><\/li>\n<\/ul><div class=\"elementskit-nav-identity-panel\"><button class=\"elementskit-menu-close elementskit-menu-toggler\" type=\"button\">X<\/button><\/div><\/div>\n\t\t\t<div class=\"elementskit-menu-overlay elementskit-menu-offcanvas-elements elementskit-menu-toggler ekit-nav-menu--overlay\"><\/div>        <\/nav>\n\t\t\t\t\t\t<\/div>\n\t\t\t\t<\/div>\n\t\t\t\t\t<\/div>\n\t\t\t\t<\/div>\n\t\t<div class=\"elementor-element elementor-element-d147bd6 e-con-full e-flex e-con e-parent\" data-id=\"d147bd6\" data-element_type=\"container\" data-settings=\"{&quot;background_background&quot;:&quot;classic&quot;,&quot;shape_divider_bottom&quot;:&quot;curve-asymmetrical&quot;}\">\n\t\t\t\t<div class=\"elementor-shape elementor-shape-bottom\" aria-hidden=\"true\" data-negative=\"false\">\n\t\t\t<svg xmlns=\"http:\/\/www.w3.org\/2000\/svg\" viewBox=\"0 0 1000 100\" preserveAspectRatio=\"none\">\n\t<path class=\"elementor-shape-fill\" d=\"M0,0c0,0,0,6,0,6.7c0,18,240.2,93.6,615.2,92.6C989.8,98.5,1000,25,1000,6.7c0-0.7,0-6.7,0-6.7H0z\"\/>\n<\/svg>\t\t<\/div>\n\t\t\t\t<div class=\"elementor-element elementor-element-3143e44 elementor-widget elementor-widget-heading\" data-id=\"3143e44\" data-element_type=\"widget\" data-widget_type=\"heading.default\">\n\t\t\t\t\t<h2 class=\"elementor-heading-title elementor-size-default\">Nos r\u00e9alisations<\/h2>\t\t\t\t<\/div>\n\t\t\t\t<\/div>\n\t\t<div class=\"elementor-element elementor-element-93f5f7b e-flex e-con-boxed e-con e-parent\" data-id=\"93f5f7b\" data-element_type=\"container\">\n\t\t\t\t\t<div class=\"e-con-inner\">\n\t\t<div class=\"elementor-element elementor-element-2f7adab e-con-full e-flex e-con e-child\" data-id=\"2f7adab\" data-element_type=\"container\">\n\t\t\t\t<div class=\"elementor-element elementor-element-8a56ad6 elementor-widget elementor-widget-image\" data-id=\"8a56ad6\" data-element_type=\"widget\" data-widget_type=\"image.default\">\n\t\t\t\t\t\t\t\t\t\t\t\t\t\t\t<img fetchpriority=\"high\" decoding=\"async\" width=\"1024\" height=\"1024\" src=\"https:\/\/www.esanit.fr\/wp-content\/uploads\/2026\/04\/1-1024x1024.png\" class=\"elementor-animation-shrink attachment-large size-large wp-image-596\" alt=\"\" srcset=\"https:\/\/www.esanit.fr\/wp-content\/uploads\/2026\/04\/1-1024x1024.png 1024w, https:\/\/www.esanit.fr\/wp-content\/uploads\/2026\/04\/1-300x300.png 300w, https:\/\/www.esanit.fr\/wp-content\/uploads\/2026\/04\/1-150x150.png 150w, https:\/\/www.esanit.fr\/wp-content\/uploads\/2026\/04\/1-768x768.png 768w, https:\/\/www.esanit.fr\/wp-content\/uploads\/2026\/04\/1-1536x1536.png 1536w, https:\/\/www.esanit.fr\/wp-content\/uploads\/2026\/04\/1.png 1800w\" sizes=\"(max-width: 1024px) 100vw, 1024px\" \/>\t\t\t\t\t\t\t\t\t\t\t\t\t\t\t<\/div>\n\t\t\t\t<\/div>\n\t\t<div class=\"elementor-element elementor-element-ecbb361 e-con-full e-flex e-con e-child\" data-id=\"ecbb361\" data-element_type=\"container\">\n\t\t\t\t<div class=\"elementor-element elementor-element-d4f90c4 elementor-widget elementor-widget-image\" data-id=\"d4f90c4\" data-element_type=\"widget\" data-widget_type=\"image.default\">\n\t\t\t\t\t\t\t\t\t\t\t\t\t\t\t<img decoding=\"async\" width=\"1024\" height=\"1024\" src=\"https:\/\/www.esanit.fr\/wp-content\/uploads\/2026\/04\/2-1024x1024.png\" class=\"elementor-animation-shrink attachment-large size-large wp-image-597\" alt=\"\" srcset=\"https:\/\/www.esanit.fr\/wp-content\/uploads\/2026\/04\/2-1024x1024.png 1024w, https:\/\/www.esanit.fr\/wp-content\/uploads\/2026\/04\/2-300x300.png 300w, https:\/\/www.esanit.fr\/wp-content\/uploads\/2026\/04\/2-150x150.png 150w, https:\/\/www.esanit.fr\/wp-content\/uploads\/2026\/04\/2-768x768.png 768w, https:\/\/www.esanit.fr\/wp-content\/uploads\/2026\/04\/2-1536x1536.png 1536w, https:\/\/www.esanit.fr\/wp-content\/uploads\/2026\/04\/2.png 1800w\" sizes=\"(max-width: 1024px) 100vw, 1024px\" \/>\t\t\t\t\t\t\t\t\t\t\t\t\t\t\t<\/div>\n\t\t\t\t<\/div>\n\t\t<div class=\"elementor-element elementor-element-fd15e78 e-con-full e-flex e-con e-child\" data-id=\"fd15e78\" data-element_type=\"container\">\n\t\t\t\t<div class=\"elementor-element elementor-element-71c1644 elementor-widget elementor-widget-image\" data-id=\"71c1644\" data-element_type=\"widget\" data-widget_type=\"image.default\">\n\t\t\t\t\t\t\t\t\t\t\t\t\t\t\t<img decoding=\"async\" width=\"1024\" height=\"1024\" src=\"https:\/\/www.esanit.fr\/wp-content\/uploads\/2026\/04\/36A-Boulevard-Guigou-13003-Marseille-1800-x-1800-px-1-1024x1024.png\" class=\"elementor-animation-shrink attachment-large size-large wp-image-685\" alt=\"\" srcset=\"https:\/\/www.esanit.fr\/wp-content\/uploads\/2026\/04\/36A-Boulevard-Guigou-13003-Marseille-1800-x-1800-px-1-1024x1024.png 1024w, https:\/\/www.esanit.fr\/wp-content\/uploads\/2026\/04\/36A-Boulevard-Guigou-13003-Marseille-1800-x-1800-px-1-300x300.png 300w, https:\/\/www.esanit.fr\/wp-content\/uploads\/2026\/04\/36A-Boulevard-Guigou-13003-Marseille-1800-x-1800-px-1-150x150.png 150w, https:\/\/www.esanit.fr\/wp-content\/uploads\/2026\/04\/36A-Boulevard-Guigou-13003-Marseille-1800-x-1800-px-1-768x768.png 768w, https:\/\/www.esanit.fr\/wp-content\/uploads\/2026\/04\/36A-Boulevard-Guigou-13003-Marseille-1800-x-1800-px-1-1536x1536.png 1536w, https:\/\/www.esanit.fr\/wp-content\/uploads\/2026\/04\/36A-Boulevard-Guigou-13003-Marseille-1800-x-1800-px-1.png 1800w\" sizes=\"(max-width: 1024px) 100vw, 1024px\" \/>\t\t\t\t\t\t\t\t\t\t\t\t\t\t\t<\/div>\n\t\t\t\t<\/div>\n\t\t<div class=\"elementor-element elementor-element-ed55ac3 e-con-full e-flex e-con e-child\" data-id=\"ed55ac3\" data-element_type=\"container\">\n\t\t\t\t<div class=\"elementor-element elementor-element-dc6dc8f elementor-widget elementor-widget-image\" data-id=\"dc6dc8f\" data-element_type=\"widget\" data-widget_type=\"image.default\">\n\t\t\t\t\t\t\t\t\t\t\t\t\t\t\t<img loading=\"lazy\" decoding=\"async\" width=\"1024\" height=\"1024\" src=\"https:\/\/www.esanit.fr\/wp-content\/uploads\/2026\/04\/4-1024x1024.png\" class=\"elementor-animation-shrink attachment-large size-large wp-image-599\" alt=\"\" srcset=\"https:\/\/www.esanit.fr\/wp-content\/uploads\/2026\/04\/4-1024x1024.png 1024w, https:\/\/www.esanit.fr\/wp-content\/uploads\/2026\/04\/4-300x300.png 300w, https:\/\/www.esanit.fr\/wp-content\/uploads\/2026\/04\/4-150x150.png 150w, https:\/\/www.esanit.fr\/wp-content\/uploads\/2026\/04\/4-768x768.png 768w, https:\/\/www.esanit.fr\/wp-content\/uploads\/2026\/04\/4-1536x1536.png 1536w, https:\/\/www.esanit.fr\/wp-content\/uploads\/2026\/04\/4.png 1800w\" sizes=\"(max-width: 1024px) 100vw, 1024px\" \/>\t\t\t\t\t\t\t\t\t\t\t\t\t\t\t<\/div>\n\t\t\t\t<\/div>\n\t\t<div class=\"elementor-element elementor-element-17cc0d6 e-con-full e-flex e-con e-child\" data-id=\"17cc0d6\" data-element_type=\"container\">\n\t\t\t\t<div class=\"elementor-element elementor-element-dbcd92b elementor-widget elementor-widget-image\" data-id=\"dbcd92b\" data-element_type=\"widget\" data-widget_type=\"image.default\">\n\t\t\t\t\t\t\t\t\t\t\t\t\t\t\t<img loading=\"lazy\" decoding=\"async\" width=\"1024\" height=\"1024\" src=\"https:\/\/www.esanit.fr\/wp-content\/uploads\/2026\/04\/5-1024x1024.png\" class=\"elementor-animation-shrink attachment-large size-large wp-image-600\" alt=\"\" srcset=\"https:\/\/www.esanit.fr\/wp-content\/uploads\/2026\/04\/5-1024x1024.png 1024w, https:\/\/www.esanit.fr\/wp-content\/uploads\/2026\/04\/5-300x300.png 300w, https:\/\/www.esanit.fr\/wp-content\/uploads\/2026\/04\/5-150x150.png 150w, https:\/\/www.esanit.fr\/wp-content\/uploads\/2026\/04\/5-768x768.png 768w, https:\/\/www.esanit.fr\/wp-content\/uploads\/2026\/04\/5-1536x1536.png 1536w, https:\/\/www.esanit.fr\/wp-content\/uploads\/2026\/04\/5.png 1800w\" sizes=\"(max-width: 1024px) 100vw, 1024px\" \/>\t\t\t\t\t\t\t\t\t\t\t\t\t\t\t<\/div>\n\t\t\t\t<\/div>\n\t\t<div class=\"elementor-element elementor-element-80405a7 e-con-full e-flex e-con e-child\" data-id=\"80405a7\" data-element_type=\"container\">\n\t\t\t\t<div class=\"elementor-element elementor-element-26e8d84 elementor-widget elementor-widget-image\" data-id=\"26e8d84\" data-element_type=\"widget\" data-widget_type=\"image.default\">\n\t\t\t\t\t\t\t\t\t\t\t\t\t\t\t<img loading=\"lazy\" decoding=\"async\" width=\"1024\" height=\"1024\" src=\"https:\/\/www.esanit.fr\/wp-content\/uploads\/2026\/04\/6-1024x1024.png\" class=\"elementor-animation-shrink attachment-large size-large wp-image-601\" alt=\"\" srcset=\"https:\/\/www.esanit.fr\/wp-content\/uploads\/2026\/04\/6-1024x1024.png 1024w, https:\/\/www.esanit.fr\/wp-content\/uploads\/2026\/04\/6-300x300.png 300w, https:\/\/www.esanit.fr\/wp-content\/uploads\/2026\/04\/6-150x150.png 150w, https:\/\/www.esanit.fr\/wp-content\/uploads\/2026\/04\/6-768x768.png 768w, https:\/\/www.esanit.fr\/wp-content\/uploads\/2026\/04\/6-1536x1536.png 1536w, https:\/\/www.esanit.fr\/wp-content\/uploads\/2026\/04\/6.png 1800w\" sizes=\"(max-width: 1024px) 100vw, 1024px\" \/>\t\t\t\t\t\t\t\t\t\t\t\t\t\t\t<\/div>\n\t\t\t\t<\/div>\n\t\t\t\t\t<\/div>\n\t\t\t\t<\/div>\n\t\t<div class=\"elementor-element elementor-element-c9dcbde e-flex e-con-boxed e-con e-parent\" data-id=\"c9dcbde\" data-element_type=\"container\">\n\t\t\t\t\t<div class=\"e-con-inner\">\n\t\t<div class=\"elementor-element elementor-element-2922334 e-con-full e-flex e-con e-child\" data-id=\"2922334\" data-element_type=\"container\">\n\t\t\t\t<div class=\"elementor-element elementor-element-bc672da elementor-widget elementor-widget-image\" data-id=\"bc672da\" data-element_type=\"widget\" data-widget_type=\"image.default\">\n\t\t\t\t\t\t\t\t\t\t\t\t\t\t\t<img loading=\"lazy\" decoding=\"async\" width=\"1024\" height=\"1024\" src=\"https:\/\/www.esanit.fr\/wp-content\/uploads\/2026\/04\/7-1024x1024.png\" class=\"elementor-animation-shrink attachment-large size-large wp-image-602\" alt=\"\" srcset=\"https:\/\/www.esanit.fr\/wp-content\/uploads\/2026\/04\/7-1024x1024.png 1024w, https:\/\/www.esanit.fr\/wp-content\/uploads\/2026\/04\/7-300x300.png 300w, https:\/\/www.esanit.fr\/wp-content\/uploads\/2026\/04\/7-150x150.png 150w, https:\/\/www.esanit.fr\/wp-content\/uploads\/2026\/04\/7-768x768.png 768w, https:\/\/www.esanit.fr\/wp-content\/uploads\/2026\/04\/7-1536x1536.png 1536w, https:\/\/www.esanit.fr\/wp-content\/uploads\/2026\/04\/7.png 1800w\" sizes=\"(max-width: 1024px) 100vw, 1024px\" \/>\t\t\t\t\t\t\t\t\t\t\t\t\t\t\t<\/div>\n\t\t\t\t<\/div>\n\t\t<div class=\"elementor-element elementor-element-ad145e8 e-con-full e-flex e-con e-child\" data-id=\"ad145e8\" data-element_type=\"container\">\n\t\t\t\t<div class=\"elementor-element elementor-element-ecc0fe5 elementor-widget elementor-widget-image\" data-id=\"ecc0fe5\" data-element_type=\"widget\" data-widget_type=\"image.default\">\n\t\t\t\t\t\t\t\t\t\t\t\t\t\t\t<img loading=\"lazy\" decoding=\"async\" width=\"1024\" height=\"1024\" src=\"https:\/\/www.esanit.fr\/wp-content\/uploads\/2026\/04\/9-1024x1024.png\" class=\"elementor-animation-shrink attachment-large size-large wp-image-610\" alt=\"\" srcset=\"https:\/\/www.esanit.fr\/wp-content\/uploads\/2026\/04\/9-1024x1024.png 1024w, https:\/\/www.esanit.fr\/wp-content\/uploads\/2026\/04\/9-300x300.png 300w, https:\/\/www.esanit.fr\/wp-content\/uploads\/2026\/04\/9-150x150.png 150w, https:\/\/www.esanit.fr\/wp-content\/uploads\/2026\/04\/9-768x768.png 768w, https:\/\/www.esanit.fr\/wp-content\/uploads\/2026\/04\/9-1536x1536.png 1536w, https:\/\/www.esanit.fr\/wp-content\/uploads\/2026\/04\/9.png 1800w\" sizes=\"(max-width: 1024px) 100vw, 1024px\" \/>\t\t\t\t\t\t\t\t\t\t\t\t\t\t\t<\/div>\n\t\t\t\t<\/div>\n\t\t<div class=\"elementor-element elementor-element-c0b3387 e-con-full e-flex e-con e-child\" data-id=\"c0b3387\" data-element_type=\"container\">\n\t\t\t\t<div class=\"elementor-element elementor-element-a0e8496 elementor-widget elementor-widget-image\" data-id=\"a0e8496\" data-element_type=\"widget\" data-widget_type=\"image.default\">\n\t\t\t\t\t\t\t\t\t\t\t\t\t\t\t<img loading=\"lazy\" decoding=\"async\" width=\"1024\" height=\"1024\" src=\"https:\/\/www.esanit.fr\/wp-content\/uploads\/2026\/04\/10-1024x1024.png\" class=\"elementor-animation-shrink attachment-large size-large wp-image-611\" alt=\"\" srcset=\"https:\/\/www.esanit.fr\/wp-content\/uploads\/2026\/04\/10-1024x1024.png 1024w, https:\/\/www.esanit.fr\/wp-content\/uploads\/2026\/04\/10-300x300.png 300w, https:\/\/www.esanit.fr\/wp-content\/uploads\/2026\/04\/10-150x150.png 150w, https:\/\/www.esanit.fr\/wp-content\/uploads\/2026\/04\/10-768x768.png 768w, https:\/\/www.esanit.fr\/wp-content\/uploads\/2026\/04\/10-1536x1536.png 1536w, https:\/\/www.esanit.fr\/wp-content\/uploads\/2026\/04\/10.png 1800w\" sizes=\"(max-width: 1024px) 100vw, 1024px\" \/>\t\t\t\t\t\t\t\t\t\t\t\t\t\t\t<\/div>\n\t\t\t\t<\/div>\n\t\t<div class=\"elementor-element elementor-element-7bf92d2 e-con-full e-flex e-con e-child\" data-id=\"7bf92d2\" data-element_type=\"container\">\n\t\t\t\t<div class=\"elementor-element elementor-element-437a530 elementor-widget elementor-widget-image\" data-id=\"437a530\" data-element_type=\"widget\" data-widget_type=\"image.default\">\n\t\t\t\t\t\t\t\t\t\t\t\t\t\t\t<img loading=\"lazy\" decoding=\"async\" width=\"1024\" height=\"1024\" src=\"https:\/\/www.esanit.fr\/wp-content\/uploads\/2026\/04\/11-1024x1024.png\" class=\"elementor-animation-shrink attachment-large size-large wp-image-612\" alt=\"\" srcset=\"https:\/\/www.esanit.fr\/wp-content\/uploads\/2026\/04\/11-1024x1024.png 1024w, https:\/\/www.esanit.fr\/wp-content\/uploads\/2026\/04\/11-300x300.png 300w, https:\/\/www.esanit.fr\/wp-content\/uploads\/2026\/04\/11-150x150.png 150w, https:\/\/www.esanit.fr\/wp-content\/uploads\/2026\/04\/11-768x768.png 768w, https:\/\/www.esanit.fr\/wp-content\/uploads\/2026\/04\/11-1536x1536.png 1536w, https:\/\/www.esanit.fr\/wp-content\/uploads\/2026\/04\/11.png 1800w\" sizes=\"(max-width: 1024px) 100vw, 1024px\" \/>\t\t\t\t\t\t\t\t\t\t\t\t\t\t\t<\/div>\n\t\t\t\t<\/div>\n\t\t<div class=\"elementor-element elementor-element-8a466e7 e-con-full e-flex e-con e-child\" data-id=\"8a466e7\" data-element_type=\"container\">\n\t\t\t\t<div class=\"elementor-element elementor-element-21b4d76 elementor-widget elementor-widget-image\" data-id=\"21b4d76\" data-element_type=\"widget\" data-widget_type=\"image.default\">\n\t\t\t\t\t\t\t\t\t\t\t\t\t\t\t<img loading=\"lazy\" decoding=\"async\" width=\"1024\" height=\"1024\" src=\"https:\/\/www.esanit.fr\/wp-content\/uploads\/2026\/04\/12-1024x1024.png\" class=\"elementor-animation-shrink attachment-large size-large wp-image-613\" alt=\"\" srcset=\"https:\/\/www.esanit.fr\/wp-content\/uploads\/2026\/04\/12-1024x1024.png 1024w, https:\/\/www.esanit.fr\/wp-content\/uploads\/2026\/04\/12-300x300.png 300w, https:\/\/www.esanit.fr\/wp-content\/uploads\/2026\/04\/12-150x150.png 150w, https:\/\/www.esanit.fr\/wp-content\/uploads\/2026\/04\/12-768x768.png 768w, https:\/\/www.esanit.fr\/wp-content\/uploads\/2026\/04\/12-1536x1536.png 1536w, https:\/\/www.esanit.fr\/wp-content\/uploads\/2026\/04\/12.png 1800w\" sizes=\"(max-width: 1024px) 100vw, 1024px\" \/>\t\t\t\t\t\t\t\t\t\t\t\t\t\t\t<\/div>\n\t\t\t\t<\/div>\n\t\t<div class=\"elementor-element elementor-element-f5d9061 e-con-full e-flex e-con e-child\" data-id=\"f5d9061\" data-element_type=\"container\">\n\t\t\t\t<div class=\"elementor-element elementor-element-a720b28 elementor-widget elementor-widget-image\" data-id=\"a720b28\" data-element_type=\"widget\" data-widget_type=\"image.default\">\n\t\t\t\t\t\t\t\t\t\t\t\t\t\t\t<img loading=\"lazy\" decoding=\"async\" width=\"1024\" height=\"1024\" src=\"https:\/\/www.esanit.fr\/wp-content\/uploads\/2026\/04\/13-1024x1024.png\" class=\"elementor-animation-shrink attachment-large size-large wp-image-614\" alt=\"\" srcset=\"https:\/\/www.esanit.fr\/wp-content\/uploads\/2026\/04\/13-1024x1024.png 1024w, https:\/\/www.esanit.fr\/wp-content\/uploads\/2026\/04\/13-300x300.png 300w, https:\/\/www.esanit.fr\/wp-content\/uploads\/2026\/04\/13-150x150.png 150w, https:\/\/www.esanit.fr\/wp-content\/uploads\/2026\/04\/13-768x768.png 768w, https:\/\/www.esanit.fr\/wp-content\/uploads\/2026\/04\/13-1536x1536.png 1536w, https:\/\/www.esanit.fr\/wp-content\/uploads\/2026\/04\/13.png 1800w\" sizes=\"(max-width: 1024px) 100vw, 1024px\" \/>\t\t\t\t\t\t\t\t\t\t\t\t\t\t\t<\/div>\n\t\t\t\t<\/div>\n\t\t\t\t\t<\/div>\n\t\t\t\t<\/div>\n\t\t<div class=\"elementor-element elementor-element-9581a61 e-flex e-con-boxed e-con e-parent\" data-id=\"9581a61\" data-element_type=\"container\" data-settings=\"{&quot;background_background&quot;:&quot;classic&quot;}\">\n\t\t\t\t\t<div class=\"e-con-inner\">\n\t\t<div class=\"elementor-element elementor-element-1352543 e-con-full e-flex e-con e-child\" data-id=\"1352543\" data-element_type=\"container\">\n\t\t\t\t<div class=\"elementor-element elementor-element-b1d8475 elementor-widget elementor-widget-image\" data-id=\"b1d8475\" data-element_type=\"widget\" data-widget_type=\"image.default\">\n\t\t\t\t\t\t\t\t\t\t\t\t\t\t\t<img loading=\"lazy\" decoding=\"async\" width=\"300\" height=\"300\" src=\"https:\/\/www.esanit.fr\/wp-content\/uploads\/2026\/04\/36A-Boulevard-Guigou-13003-Marseille-3-300x300.png\" class=\"attachment-medium size-medium wp-image-578\" alt=\"\" srcset=\"https:\/\/www.esanit.fr\/wp-content\/uploads\/2026\/04\/36A-Boulevard-Guigou-13003-Marseille-3-300x300.png 300w, https:\/\/www.esanit.fr\/wp-content\/uploads\/2026\/04\/36A-Boulevard-Guigou-13003-Marseille-3-1024x1024.png 1024w, https:\/\/www.esanit.fr\/wp-content\/uploads\/2026\/04\/36A-Boulevard-Guigou-13003-Marseille-3-150x150.png 150w, https:\/\/www.esanit.fr\/wp-content\/uploads\/2026\/04\/36A-Boulevard-Guigou-13003-Marseille-3-768x768.png 768w, https:\/\/www.esanit.fr\/wp-content\/uploads\/2026\/04\/36A-Boulevard-Guigou-13003-Marseille-3-1536x1536.png 1536w, https:\/\/www.esanit.fr\/wp-content\/uploads\/2026\/04\/36A-Boulevard-Guigou-13003-Marseille-3.png 2000w\" sizes=\"(max-width: 300px) 100vw, 300px\" \/>\t\t\t\t\t\t\t\t\t\t\t\t\t\t\t<\/div>\n\t\t\t\t<div class=\"elementor-element elementor-element-3c04ac8 elementor-widget__width-initial elementor-widget elementor-widget-text-editor\" data-id=\"3c04ac8\" data-element_type=\"widget\" data-widget_type=\"text-editor.default\">\n\t\t\t\t\t\t\t\t\t<p>36A Boulevard Guigou,<\/p><p>13003 Marseille<\/p><p><span aria-label=\"Appeler le 04 91 64 07 57\">04 91 64 07 57 | <\/span>es@esanit.fr<\/p>\t\t\t\t\t\t\t\t<\/div>\n\t\t\t\t<\/div>\n\t\t<div class=\"elementor-element elementor-element-404b896 e-con-full e-flex e-con e-child\" data-id=\"404b896\" data-element_type=\"container\">\n\t\t\t\t<div class=\"elementor-element elementor-element-743cbf1 elementor-view-stacked elementor-hidden-desktop elementor-shape-circle elementor-widget elementor-widget-icon\" data-id=\"743cbf1\" data-element_type=\"widget\" data-widget_type=\"icon.default\">\n\t\t\t\t\t\t\t<div class=\"elementor-icon-wrapper\">\n\t\t\t<a class=\"elementor-icon\" href=\"https:\/\/www.linkedin.com\/company\/energetique-sanitaire-services\/posts\/?feedView=all\">\n\t\t\t<svg aria-hidden=\"true\" class=\"e-font-icon-svg e-fab-linkedin\" viewBox=\"0 0 448 512\" xmlns=\"http:\/\/www.w3.org\/2000\/svg\"><path d=\"M416 32H31.9C14.3 32 0 46.5 0 64.3v383.4C0 465.5 14.3 480 31.9 480H416c17.6 0 32-14.5 32-32.3V64.3c0-17.8-14.4-32.3-32-32.3zM135.4 416H69V202.2h66.5V416zm-33.2-243c-21.3 0-38.5-17.3-38.5-38.5S80.9 96 102.2 96c21.2 0 38.5 17.3 38.5 38.5 0 21.3-17.2 38.5-38.5 38.5zm282.1 243h-66.4V312c0-24.8-.5-56.7-34.5-56.7-34.6 0-39.9 27-39.9 54.9V416h-66.4V202.2h63.7v29.2h.9c8.9-16.8 30.6-34.5 62.9-34.5 67.2 0 79.7 44.3 79.7 101.9V416z\"><\/path><\/svg>\t\t\t<\/a>\n\t\t<\/div>\n\t\t\t\t\t\t<\/div>\n\t\t\t\t<\/div>\n\t\t\t\t<div class=\"elementor-element elementor-element-5e6d33d elementor-hidden-tablet elementor-hidden-mobile elementor-widget elementor-widget-button\" data-id=\"5e6d33d\" data-element_type=\"widget\" data-widget_type=\"button.default\">\n\t\t\t\t\t\t\t\t\t\t<a class=\"elementor-button elementor-button-link elementor-size-sm\" href=\"http:\/\/linkedin.com\/company\/energetique-sanitaire-services\/\">\n\t\t\t\t\t\t<span class=\"elementor-button-content-wrapper\">\n\t\t\t\t\t\t\t\t\t<span class=\"elementor-button-text\">Suivez-nous !<\/span>\n\t\t\t\t\t<\/span>\n\t\t\t\t\t<\/a>\n\t\t\t\t\t\t\t\t<\/div>\n\t\t\t\t\t<\/div>\n\t\t\t\t<\/div>\n\t\t\t\t<\/div>\n\t\t","protected":false},"excerpt":{"rendered":"<p>Accueil Carri\u00e8re Nos r\u00e9alisations Contact X Nos r\u00e9alisations 36A Boulevard Guigou, 13003 Marseille 04 91 64 07 57 | es@esanit.fr Suivez-nous !<\/p>\n","protected":false},"author":1,"featured_media":0,"parent":0,"menu_order":0,"comment_status":"closed","ping_status":"closed","template":"elementor_canvas","meta":{"footnotes":""},"class_list":["post-543","page","type-page","status-publish","hentry"],"_links":{"self":[{"href":"https:\/\/www.esanit.fr\/index.php\/wp-json\/wp\/v2\/pages\/543","targetHints":{"allow":["GET"]}}],"collection":[{"href":"https:\/\/www.esanit.fr\/index.php\/wp-json\/wp\/v2\/pages"}],"about":[{"href":"https:\/\/www.esanit.fr\/index.php\/wp-json\/wp\/v2\/types\/page"}],"author":[{"embeddable":true,"href":"https:\/\/www.esanit.fr\/index.php\/wp-json\/wp\/v2\/users\/1"}],"replies":[{"embeddable":true,"href":"https:\/\/www.esanit.fr\/index.php\/wp-json\/wp\/v2\/comments?post=543"}],"version-history":[{"count":22,"href":"https:\/\/www.esanit.fr\/index.php\/wp-json\/wp\/v2\/pages\/543\/revisions"}],"predecessor-version":[{"id":688,"href":"https:\/\/www.esanit.fr\/index.php\/wp-json\/wp\/v2\/pages\/543\/revisions\/688"}],"wp:attachment":[{"href":"https:\/\/www.esanit.fr\/index.php\/wp-json\/wp\/v2\/media?parent=543"}],"curies":[{"name":"wp","href":"https:\/\/api.w.org\/{rel}","templated":true}]}}