{"id":303,"date":"2026-04-08T10:50:27","date_gmt":"2026-04-08T08:50:27","guid":{"rendered":"https:\/\/www.esanit.fr\/?page_id=303"},"modified":"2026-04-20T09:53:08","modified_gmt":"2026-04-20T07:53:08","slug":"carriere","status":"publish","type":"page","link":"https:\/\/www.esanit.fr\/index.php\/carriere\/","title":{"rendered":"Carri\u00e8re"},"content":{"rendered":"\t\t<div data-elementor-type=\"wp-page\" data-elementor-id=\"303\" class=\"elementor elementor-303\">\n\t\t\t\t<div class=\"elementor-element elementor-element-5c45046 e-flex e-con-boxed e-con e-parent\" data-id=\"5c45046\" data-element_type=\"container\" data-settings=\"{&quot;background_background&quot;:&quot;classic&quot;}\">\n\t\t\t\t\t<div class=\"e-con-inner\">\n\t\t\t\t<div class=\"elementor-element elementor-element-2e39987 elementor-widget-tablet__width-auto elementor-widget elementor-widget-ekit-nav-menu\" data-id=\"2e39987\" data-element_type=\"widget\" data-widget_type=\"ekit-nav-menu.default\">\n\t\t\t\t<div class=\"elementor-widget-container\">\n\t\t\t\t\t\t\t<nav class=\"ekit-wid-con ekit_menu_responsive_tablet\"\n\t\t\tdata-hamburger-icon=\"\"\n\t\t\tdata-hamburger-icon-type=\"icon\"\n\t\t\tdata-responsive-breakpoint=\"1024\">\n\t\t\t            <button class=\"elementskit-menu-hamburger elementskit-menu-toggler\"  type=\"button\" aria-label=\"hamburger-icon\">\n                                    <span class=\"elementskit-menu-hamburger-icon\"><\/span><span class=\"elementskit-menu-hamburger-icon\"><\/span><span class=\"elementskit-menu-hamburger-icon\"><\/span>\n                            <\/button>\n            <div id=\"ekit-megamenu-menu-principal\" class=\"elementskit-menu-container elementskit-menu-offcanvas-elements elementskit-navbar-nav-default ekit-nav-menu-one-page-yes ekit-nav-dropdown-click\"><ul id=\"menu-menu-principal\" class=\"elementskit-navbar-nav elementskit-menu-po-right submenu-click-on-icon\"><li id=\"menu-item-475\" class=\"menu-item menu-item-type-post_type menu-item-object-page menu-item-home menu-item-475 nav-item elementskit-mobile-builder-content\" data-vertical-menu=750px><a href=\"https:\/\/www.esanit.fr\/\" class=\"ekit-menu-nav-link\">Accueil<\/a><\/li>\n<li id=\"menu-item-481\" class=\"menu-item menu-item-type-post_type menu-item-object-page menu-item-481 nav-item elementskit-mobile-builder-content\" data-vertical-menu=750px><a href=\"https:\/\/www.esanit.fr\/index.php\/carriere\/\" class=\"ekit-menu-nav-link\">Carri\u00e8re<\/a><\/li>\n<li id=\"menu-item-615\" class=\"menu-item menu-item-type-post_type menu-item-object-page menu-item-615 nav-item elementskit-mobile-builder-content\" data-vertical-menu=750px><a href=\"https:\/\/www.esanit.fr\/index.php\/nos-realisations-v2\/\" class=\"ekit-menu-nav-link\">Nos r\u00e9alisations<\/a><\/li>\n<li id=\"menu-item-498\" class=\"menu-item menu-item-type-post_type menu-item-object-page menu-item-498 nav-item elementskit-mobile-builder-content\" data-vertical-menu=750px><a href=\"https:\/\/www.esanit.fr\/index.php\/elementor-page-454\/\" class=\"ekit-menu-nav-link\">Contact<\/a><\/li>\n<\/ul><div class=\"elementskit-nav-identity-panel\"><button class=\"elementskit-menu-close elementskit-menu-toggler\" type=\"button\">X<\/button><\/div><\/div>\n\t\t\t<div class=\"elementskit-menu-overlay elementskit-menu-offcanvas-elements elementskit-menu-toggler ekit-nav-menu--overlay\"><\/div>        <\/nav>\n\t\t\t\t\t\t<\/div>\n\t\t\t\t<\/div>\n\t\t\t\t\t<\/div>\n\t\t\t\t<\/div>\n\t\t<div class=\"elementor-element elementor-element-ed7e94c e-con-full e-flex e-con e-parent\" data-id=\"ed7e94c\" data-element_type=\"container\" data-settings=\"{&quot;background_background&quot;:&quot;classic&quot;,&quot;shape_divider_bottom&quot;:&quot;curve-asymmetrical&quot;}\">\n\t\t\t\t<div class=\"elementor-shape elementor-shape-bottom\" aria-hidden=\"true\" data-negative=\"false\">\n\t\t\t<svg xmlns=\"http:\/\/www.w3.org\/2000\/svg\" viewBox=\"0 0 1000 100\" preserveAspectRatio=\"none\">\n\t<path class=\"elementor-shape-fill\" d=\"M0,0c0,0,0,6,0,6.7c0,18,240.2,93.6,615.2,92.6C989.8,98.5,1000,25,1000,6.7c0-0.7,0-6.7,0-6.7H0z\"\/>\n<\/svg>\t\t<\/div>\n\t\t\t\t<div class=\"elementor-element elementor-element-ca27e0d elementor-widget elementor-widget-heading\" data-id=\"ca27e0d\" data-element_type=\"widget\" data-widget_type=\"heading.default\">\n\t\t\t\t\t<h2 class=\"elementor-heading-title elementor-size-default\">Envie de nous rejoindre ?<\/h2>\t\t\t\t<\/div>\n\t\t\t\t<\/div>\n\t\t<div class=\"elementor-element elementor-element-32aada7 e-flex e-con-boxed e-con e-parent\" data-id=\"32aada7\" data-element_type=\"container\">\n\t\t\t\t\t<div class=\"e-con-inner\">\n\t\t\t\t<div class=\"elementor-element elementor-element-679d230 elementor-widget elementor-widget-heading\" data-id=\"679d230\" data-element_type=\"widget\" data-widget_type=\"heading.default\">\n\t\t\t\t\t<h2 class=\"elementor-heading-title elementor-size-default\">Pourquoi nous rejoindre ?<\/h2>\t\t\t\t<\/div>\n\t\t\t\t<div class=\"elementor-element elementor-element-4a4db98 elementor-widget__width-initial elementor-arrows-position-inside elementor-widget elementor-widget-image-carousel\" data-id=\"4a4db98\" data-element_type=\"widget\" data-settings=\"{&quot;slides_to_show&quot;:&quot;3&quot;,&quot;slides_to_scroll&quot;:&quot;1&quot;,&quot;navigation&quot;:&quot;arrows&quot;,&quot;autoplay_speed&quot;:3000,&quot;autoplay&quot;:&quot;yes&quot;,&quot;pause_on_hover&quot;:&quot;yes&quot;,&quot;pause_on_interaction&quot;:&quot;yes&quot;,&quot;infinite&quot;:&quot;yes&quot;,&quot;speed&quot;:500}\" data-widget_type=\"image-carousel.default\">\n\t\t\t\t\t\t\t<div class=\"elementor-image-carousel-wrapper swiper\" role=\"region\" aria-roledescription=\"carousel\" aria-label=\"Carrousel d\u2019images\" dir=\"ltr\">\n\t\t\t<div class=\"elementor-image-carousel swiper-wrapper\" aria-live=\"off\">\n\t\t\t\t\t\t\t\t<div class=\"swiper-slide\" role=\"group\" aria-roledescription=\"slide\" aria-label=\"1 sur 4\"><figure class=\"swiper-slide-inner\"><img decoding=\"async\" class=\"swiper-slide-image\" src=\"https:\/\/www.esanit.fr\/wp-content\/uploads\/2026\/02\/PQ-NOUS2-300x171.png\" alt=\"PQ NOUS2\" \/><\/figure><\/div><div class=\"swiper-slide\" role=\"group\" aria-roledescription=\"slide\" aria-label=\"2 sur 4\"><figure class=\"swiper-slide-inner\"><img decoding=\"async\" class=\"swiper-slide-image\" src=\"https:\/\/www.esanit.fr\/wp-content\/uploads\/2026\/02\/PQ-NOUS4-300x165.png\" alt=\"PQ NOUS4\" \/><\/figure><\/div><div class=\"swiper-slide\" role=\"group\" aria-roledescription=\"slide\" aria-label=\"3 sur 4\"><figure class=\"swiper-slide-inner\"><img decoding=\"async\" class=\"swiper-slide-image\" src=\"https:\/\/www.esanit.fr\/wp-content\/uploads\/2026\/02\/ambiancebis2-300x163.png\" alt=\"ambiancebis2\" \/><\/figure><\/div><div class=\"swiper-slide\" role=\"group\" aria-roledescription=\"slide\" aria-label=\"4 sur 4\"><figure class=\"swiper-slide-inner\"><img decoding=\"async\" class=\"swiper-slide-image\" src=\"https:\/\/www.esanit.fr\/wp-content\/uploads\/2026\/02\/perennite-300x158.png\" alt=\"perennite\" \/><\/figure><\/div>\t\t\t<\/div>\n\t\t\t\t\t\t\t\t\t\t\t\t<div class=\"elementor-swiper-button elementor-swiper-button-prev\" role=\"button\" tabindex=\"0\">\n\t\t\t\t\t\t<svg aria-hidden=\"true\" class=\"e-font-icon-svg e-eicon-chevron-left\" viewBox=\"0 0 1000 1000\" xmlns=\"http:\/\/www.w3.org\/2000\/svg\"><path d=\"M646 125C629 125 613 133 604 142L308 442C296 454 292 471 292 487 292 504 296 521 308 533L604 854C617 867 629 875 646 875 663 875 679 871 692 858 704 846 713 829 713 812 713 796 708 779 692 767L438 487 692 225C700 217 708 204 708 187 708 171 704 154 692 142 675 129 663 125 646 125Z\"><\/path><\/svg>\t\t\t\t\t<\/div>\n\t\t\t\t\t<div class=\"elementor-swiper-button elementor-swiper-button-next\" role=\"button\" tabindex=\"0\">\n\t\t\t\t\t\t<svg aria-hidden=\"true\" class=\"e-font-icon-svg e-eicon-chevron-right\" viewBox=\"0 0 1000 1000\" xmlns=\"http:\/\/www.w3.org\/2000\/svg\"><path d=\"M696 533C708 521 713 504 713 487 713 471 708 454 696 446L400 146C388 133 375 125 354 125 338 125 325 129 313 142 300 154 292 171 292 187 292 204 296 221 308 233L563 492 304 771C292 783 288 800 288 817 288 833 296 850 308 863 321 871 338 875 354 875 371 875 388 867 400 854L696 533Z\"><\/path><\/svg>\t\t\t\t\t<\/div>\n\t\t\t\t\n\t\t\t\t\t\t\t\t\t<\/div>\n\t\t\t\t\t\t<\/div>\n\t\t\t\t\t<\/div>\n\t\t\t\t<\/div>\n\t\t<div class=\"elementor-element elementor-element-a5e35b9 e-flex e-con-boxed e-con e-parent\" data-id=\"a5e35b9\" data-element_type=\"container\">\n\t\t\t\t\t<div class=\"e-con-inner\">\n\t\t<div class=\"elementor-element elementor-element-d5f9841 e-con-full e-flex e-con e-child\" data-id=\"d5f9841\" data-element_type=\"container\">\n\t\t\t\t<div class=\"elementor-element elementor-element-217bb32 elementor-widget elementor-widget-heading\" data-id=\"217bb32\" data-element_type=\"widget\" data-widget_type=\"heading.default\">\n\t\t\t\t\t<h2 class=\"elementor-heading-title elementor-size-default\">Responsable bureau d'\u00e9tude CVC (H\/F)<\/h2>\t\t\t\t<\/div>\n\t\t\t\t<div class=\"elementor-element elementor-element-2fb16d0 elementor-hidden-tablet elementor-widget elementor-widget-image\" data-id=\"2fb16d0\" data-element_type=\"widget\" data-widget_type=\"image.default\">\n\t\t\t\t\t\t\t\t\t\t\t\t\t\t\t<img fetchpriority=\"high\" decoding=\"async\" width=\"1024\" height=\"683\" src=\"https:\/\/www.esanit.fr\/wp-content\/uploads\/2026\/03\/RSP-BET-1024x683.png\" class=\"attachment-large size-large wp-image-360\" alt=\"\" srcset=\"https:\/\/www.esanit.fr\/wp-content\/uploads\/2026\/03\/RSP-BET-1024x683.png 1024w, https:\/\/www.esanit.fr\/wp-content\/uploads\/2026\/03\/RSP-BET-300x200.png 300w, https:\/\/www.esanit.fr\/wp-content\/uploads\/2026\/03\/RSP-BET-768x512.png 768w, https:\/\/www.esanit.fr\/wp-content\/uploads\/2026\/03\/RSP-BET.png 1536w\" sizes=\"(max-width: 1024px) 100vw, 1024px\" \/>\t\t\t\t\t\t\t\t\t\t\t\t\t\t\t<\/div>\n\t\t\t\t<div class=\"elementor-element elementor-element-6c14703 elementor-widget elementor-widget-button\" data-id=\"6c14703\" data-element_type=\"widget\" data-widget_type=\"button.default\">\n\t\t\t\t\t\t\t\t\t\t<a class=\"elementor-button elementor-button-link elementor-size-sm\" href=\"https:\/\/recrute.gesec.fr\/offre\/responsable-bureau-d-etudes-cvc-f-h-607b5d62-4e05-4035-ae5a-d9709b7f40d5\">\n\t\t\t\t\t\t<span class=\"elementor-button-content-wrapper\">\n\t\t\t\t\t\t\t\t\t<span class=\"elementor-button-text\">Je postule !<\/span>\n\t\t\t\t\t<\/span>\n\t\t\t\t\t<\/a>\n\t\t\t\t\t\t\t\t<\/div>\n\t\t\t\t<\/div>\n\t\t<div class=\"elementor-element elementor-element-e203e51 e-con-full e-flex e-con e-child\" data-id=\"e203e51\" data-element_type=\"container\">\n\t\t\t\t<div class=\"elementor-element elementor-element-4329feb elementor-widget elementor-widget-heading\" data-id=\"4329feb\" data-element_type=\"widget\" data-widget_type=\"heading.default\">\n\t\t\t\t\t<h2 class=\"elementor-heading-title elementor-size-default\">Technicien bureau d'\u00e9tude CVC (H\/F)<\/h2>\t\t\t\t<\/div>\n\t\t\t\t<div class=\"elementor-element elementor-element-db75db5 elementor-hidden-tablet elementor-widget elementor-widget-image\" data-id=\"db75db5\" data-element_type=\"widget\" data-widget_type=\"image.default\">\n\t\t\t\t\t\t\t\t\t\t\t\t\t\t\t<img decoding=\"async\" width=\"1024\" height=\"683\" src=\"https:\/\/www.esanit.fr\/wp-content\/uploads\/2026\/04\/Ingenieure-en-action-avec-plans-techniques-1024x683.png\" class=\"attachment-large size-large wp-image-480\" alt=\"\" srcset=\"https:\/\/www.esanit.fr\/wp-content\/uploads\/2026\/04\/Ingenieure-en-action-avec-plans-techniques-1024x683.png 1024w, https:\/\/www.esanit.fr\/wp-content\/uploads\/2026\/04\/Ingenieure-en-action-avec-plans-techniques-300x200.png 300w, https:\/\/www.esanit.fr\/wp-content\/uploads\/2026\/04\/Ingenieure-en-action-avec-plans-techniques-768x512.png 768w, https:\/\/www.esanit.fr\/wp-content\/uploads\/2026\/04\/Ingenieure-en-action-avec-plans-techniques.png 1536w\" sizes=\"(max-width: 1024px) 100vw, 1024px\" \/>\t\t\t\t\t\t\t\t\t\t\t\t\t\t\t<\/div>\n\t\t\t\t<div class=\"elementor-element elementor-element-d018081 elementor-widget elementor-widget-button\" data-id=\"d018081\" data-element_type=\"widget\" data-widget_type=\"button.default\">\n\t\t\t\t\t\t\t\t\t\t<a class=\"elementor-button elementor-button-link elementor-size-sm\" href=\"https:\/\/recrute.gesec.fr\/offre\/technicien-bureau-d-etudes-cvc-f-h-b65bc93f-0b7e-406a-893e-a9204e9fd073\">\n\t\t\t\t\t\t<span class=\"elementor-button-content-wrapper\">\n\t\t\t\t\t\t\t\t\t<span class=\"elementor-button-text\">Je postule !<\/span>\n\t\t\t\t\t<\/span>\n\t\t\t\t\t<\/a>\n\t\t\t\t\t\t\t\t<\/div>\n\t\t\t\t<\/div>\n\t\t<div class=\"elementor-element elementor-element-aad2233 e-con-full e-flex e-con e-child\" data-id=\"aad2233\" data-element_type=\"container\">\n\t\t\t\t<div class=\"elementor-element elementor-element-c59d764 elementor-widget elementor-widget-heading\" data-id=\"c59d764\" data-element_type=\"widget\" data-widget_type=\"heading.default\">\n\t\t\t\t\t<h2 class=\"elementor-heading-title elementor-size-default\">Chiffreur <br>(H\/F)<\/h2>\t\t\t\t<\/div>\n\t\t\t\t<div class=\"elementor-element elementor-element-33515b3 elementor-hidden-tablet elementor-widget elementor-widget-image\" data-id=\"33515b3\" data-element_type=\"widget\" data-widget_type=\"image.default\">\n\t\t\t\t\t\t\t\t\t\t\t\t\t\t\t<img decoding=\"async\" width=\"1024\" height=\"683\" src=\"https:\/\/www.esanit.fr\/wp-content\/uploads\/2026\/03\/pexels-thisisengineering-3862374-1024x683.jpg\" class=\"attachment-large size-large wp-image-385\" alt=\"\" srcset=\"https:\/\/www.esanit.fr\/wp-content\/uploads\/2026\/03\/pexels-thisisengineering-3862374-1024x683.jpg 1024w, https:\/\/www.esanit.fr\/wp-content\/uploads\/2026\/03\/pexels-thisisengineering-3862374-300x200.jpg 300w, https:\/\/www.esanit.fr\/wp-content\/uploads\/2026\/03\/pexels-thisisengineering-3862374-768x512.jpg 768w, https:\/\/www.esanit.fr\/wp-content\/uploads\/2026\/03\/pexels-thisisengineering-3862374-1536x1025.jpg 1536w, https:\/\/www.esanit.fr\/wp-content\/uploads\/2026\/03\/pexels-thisisengineering-3862374-2048x1366.jpg 2048w\" sizes=\"(max-width: 1024px) 100vw, 1024px\" \/>\t\t\t\t\t\t\t\t\t\t\t\t\t\t\t<\/div>\n\t\t\t\t<div class=\"elementor-element elementor-element-235bd9b elementor-widget elementor-widget-button\" data-id=\"235bd9b\" data-element_type=\"widget\" data-widget_type=\"button.default\">\n\t\t\t\t\t\t\t\t\t\t<a class=\"elementor-button elementor-button-link elementor-size-sm\" href=\"https:\/\/recrute.gesec.fr\/offre\/chiffreur-bureau-d-etudes-cvc-f-h-12c897aa-faf2-4c2a-a0a1-76e8df185dce\">\n\t\t\t\t\t\t<span class=\"elementor-button-content-wrapper\">\n\t\t\t\t\t\t\t\t\t<span class=\"elementor-button-text\">Je postule !<\/span>\n\t\t\t\t\t<\/span>\n\t\t\t\t\t<\/a>\n\t\t\t\t\t\t\t\t<\/div>\n\t\t\t\t<\/div>\n\t\t\t\t\t<\/div>\n\t\t\t\t<\/div>\n\t\t<div class=\"elementor-element elementor-element-e92fdae e-flex e-con-boxed e-con e-parent\" data-id=\"e92fdae\" data-element_type=\"container\">\n\t\t\t\t\t<div class=\"e-con-inner\">\n\t\t\t\t<div class=\"elementor-element elementor-element-10a03c0 elementor-widget-tablet__width-initial elementor-widget elementor-widget-text-editor\" data-id=\"10a03c0\" data-element_type=\"widget\" data-widget_type=\"text-editor.default\">\n\t\t\t\t\t\t\t\t\t<p>Pour toute candidature spontan\u00e9e, vous pouvez nous envoyer votre candidature par mail : cv@esanit.fr<\/p>\t\t\t\t\t\t\t\t<\/div>\n\t\t\t\t\t<\/div>\n\t\t\t\t<\/div>\n\t\t<div class=\"elementor-element elementor-element-c56c3e3 e-flex e-con-boxed e-con e-parent\" data-id=\"c56c3e3\" data-element_type=\"container\" data-settings=\"{&quot;background_background&quot;:&quot;classic&quot;}\">\n\t\t\t\t\t<div class=\"e-con-inner\">\n\t\t<div class=\"elementor-element elementor-element-e9ec064 e-con-full e-flex e-con e-child\" data-id=\"e9ec064\" data-element_type=\"container\">\n\t\t\t\t<div class=\"elementor-element elementor-element-a91b350 elementor-widget elementor-widget-image\" data-id=\"a91b350\" data-element_type=\"widget\" data-widget_type=\"image.default\">\n\t\t\t\t\t\t\t\t\t\t\t\t\t\t\t<img loading=\"lazy\" decoding=\"async\" width=\"300\" height=\"300\" src=\"https:\/\/www.esanit.fr\/wp-content\/uploads\/2026\/04\/36A-Boulevard-Guigou-13003-Marseille-3-300x300.png\" class=\"attachment-medium size-medium wp-image-578\" alt=\"\" srcset=\"https:\/\/www.esanit.fr\/wp-content\/uploads\/2026\/04\/36A-Boulevard-Guigou-13003-Marseille-3-300x300.png 300w, https:\/\/www.esanit.fr\/wp-content\/uploads\/2026\/04\/36A-Boulevard-Guigou-13003-Marseille-3-1024x1024.png 1024w, https:\/\/www.esanit.fr\/wp-content\/uploads\/2026\/04\/36A-Boulevard-Guigou-13003-Marseille-3-150x150.png 150w, https:\/\/www.esanit.fr\/wp-content\/uploads\/2026\/04\/36A-Boulevard-Guigou-13003-Marseille-3-768x768.png 768w, https:\/\/www.esanit.fr\/wp-content\/uploads\/2026\/04\/36A-Boulevard-Guigou-13003-Marseille-3-1536x1536.png 1536w, https:\/\/www.esanit.fr\/wp-content\/uploads\/2026\/04\/36A-Boulevard-Guigou-13003-Marseille-3.png 2000w\" sizes=\"(max-width: 300px) 100vw, 300px\" \/>\t\t\t\t\t\t\t\t\t\t\t\t\t\t\t<\/div>\n\t\t\t\t<div class=\"elementor-element elementor-element-747a773 elementor-widget__width-initial elementor-widget elementor-widget-text-editor\" data-id=\"747a773\" data-element_type=\"widget\" data-widget_type=\"text-editor.default\">\n\t\t\t\t\t\t\t\t\t<p>36A Boulevard Guigou,<\/p><p>13003 Marseille<\/p><p><span aria-label=\"Appeler le 04 91 64 07 57\">04 91 64 07 57 | <\/span>es@esanit.fr<\/p>\t\t\t\t\t\t\t\t<\/div>\n\t\t\t\t<\/div>\n\t\t<div class=\"elementor-element elementor-element-4ba5db0 e-con-full e-flex e-con e-child\" data-id=\"4ba5db0\" data-element_type=\"container\">\n\t\t\t\t<div class=\"elementor-element elementor-element-c12b792 elementor-view-stacked elementor-hidden-desktop elementor-shape-circle elementor-widget elementor-widget-icon\" data-id=\"c12b792\" data-element_type=\"widget\" data-widget_type=\"icon.default\">\n\t\t\t\t\t\t\t<div class=\"elementor-icon-wrapper\">\n\t\t\t<a class=\"elementor-icon\" href=\"https:\/\/www.linkedin.com\/company\/energetique-sanitaire-services\/posts\/?feedView=all\">\n\t\t\t<svg aria-hidden=\"true\" class=\"e-font-icon-svg e-fab-linkedin\" viewBox=\"0 0 448 512\" xmlns=\"http:\/\/www.w3.org\/2000\/svg\"><path d=\"M416 32H31.9C14.3 32 0 46.5 0 64.3v383.4C0 465.5 14.3 480 31.9 480H416c17.6 0 32-14.5 32-32.3V64.3c0-17.8-14.4-32.3-32-32.3zM135.4 416H69V202.2h66.5V416zm-33.2-243c-21.3 0-38.5-17.3-38.5-38.5S80.9 96 102.2 96c21.2 0 38.5 17.3 38.5 38.5 0 21.3-17.2 38.5-38.5 38.5zm282.1 243h-66.4V312c0-24.8-.5-56.7-34.5-56.7-34.6 0-39.9 27-39.9 54.9V416h-66.4V202.2h63.7v29.2h.9c8.9-16.8 30.6-34.5 62.9-34.5 67.2 0 79.7 44.3 79.7 101.9V416z\"><\/path><\/svg>\t\t\t<\/a>\n\t\t<\/div>\n\t\t\t\t\t\t<\/div>\n\t\t\t\t<\/div>\n\t\t\t\t<div class=\"elementor-element elementor-element-41f5776 elementor-hidden-tablet elementor-hidden-mobile elementor-widget elementor-widget-button\" data-id=\"41f5776\" data-element_type=\"widget\" data-widget_type=\"button.default\">\n\t\t\t\t\t\t\t\t\t\t<a class=\"elementor-button elementor-button-link elementor-size-sm\" href=\"http:\/\/linkedin.com\/company\/energetique-sanitaire-services\/\">\n\t\t\t\t\t\t<span class=\"elementor-button-content-wrapper\">\n\t\t\t\t\t\t\t\t\t<span class=\"elementor-button-text\">Suivez-nous !<\/span>\n\t\t\t\t\t<\/span>\n\t\t\t\t\t<\/a>\n\t\t\t\t\t\t\t\t<\/div>\n\t\t\t\t\t<\/div>\n\t\t\t\t<\/div>\n\t\t\t\t<\/div>\n\t\t","protected":false},"excerpt":{"rendered":"<p>Accueil Carri\u00e8re Nos r\u00e9alisations Contact X Envie de nous rejoindre ? Pourquoi nous rejoindre ? Responsable bureau d&rsquo;\u00e9tude CVC (H\/F) Je postule ! Technicien bureau d&rsquo;\u00e9tude CVC (H\/F) Je postule ! Chiffreur (H\/F) Je postule ! Pour toute candidature spontan\u00e9e, vous pouvez nous envoyer votre candidature par mail : cv@esanit.fr 36A Boulevard Guigou, 13003 Marseille [&hellip;]<\/p>\n","protected":false},"author":1,"featured_media":0,"parent":0,"menu_order":0,"comment_status":"closed","ping_status":"closed","template":"elementor_canvas","meta":{"footnotes":""},"class_list":["post-303","page","type-page","status-publish","hentry"],"_links":{"self":[{"href":"https:\/\/www.esanit.fr\/index.php\/wp-json\/wp\/v2\/pages\/303","targetHints":{"allow":["GET"]}}],"collection":[{"href":"https:\/\/www.esanit.fr\/index.php\/wp-json\/wp\/v2\/pages"}],"about":[{"href":"https:\/\/www.esanit.fr\/index.php\/wp-json\/wp\/v2\/types\/page"}],"author":[{"embeddable":true,"href":"https:\/\/www.esanit.fr\/index.php\/wp-json\/wp\/v2\/users\/1"}],"replies":[{"embeddable":true,"href":"https:\/\/www.esanit.fr\/index.php\/wp-json\/wp\/v2\/comments?post=303"}],"version-history":[{"count":47,"href":"https:\/\/www.esanit.fr\/index.php\/wp-json\/wp\/v2\/pages\/303\/revisions"}],"predecessor-version":[{"id":689,"href":"https:\/\/www.esanit.fr\/index.php\/wp-json\/wp\/v2\/pages\/303\/revisions\/689"}],"wp:attachment":[{"href":"https:\/\/www.esanit.fr\/index.php\/wp-json\/wp\/v2\/media?parent=303"}],"curies":[{"name":"wp","href":"https:\/\/api.w.org\/{rel}","templated":true}]}}